{"id":185,"date":"2017-02-17T10:12:43","date_gmt":"2017-02-17T09:12:43","guid":{"rendered":"http:\/\/neueseiten.lr-bremen.de\/impressum\/"},"modified":"2023-01-19T13:13:56","modified_gmt":"2023-01-19T12:13:56","slug":"imprint","status":"publish","type":"page","link":"https:\/\/www.lr-bremen.de\/en\/contact\/imprint\/","title":{"rendered":"Imprint"},"content":{"rendered":"<h1>Imprint<\/h1>\n<p>Labor f\u00fcr R\u00fcckstandsanalytik Bremen GmbH<br \/>\nAnne-Conway-Str. 9<br \/>\nD-28359 Bremen<\/p>\n<p>Phone: +49 421 949542-4\/5<br \/>\nFax: +49 421 949542-3<br \/>\nEmail: <a href=\"mailto:service@lr-bremen.de\">service@lr-bremen.de<\/a><\/p>\n<p>Registry Court Bremen<br \/>\nRegister number: HRB 12393<br \/>\nVAT ID:\u00a0DE114420650<\/p>\n<p><strong>Disclaimer:<\/strong><br \/>\n1. Content<\/p>\n<p>The author reserves the right not to be responsible for the topicality, correctness, completeness or quality of the information provided. Liability claims regarding damage caused by the use of any information provided, including any kind of information which is incomplete or incorrect,will therefore be rejected.<br \/>\nAll offers are not-binding and without obligation. Parts of the pages or the complete publication including all offers and information might be extended, changed or partly or completely deleted by the author without separate announcement.<\/p>\n<p>2. Referrals and links<\/p>\n<p>The author is not responsible for any contents linked or referred to from his pages - unless he has full knowledge of illegal contents and would be able to prevent the visitors of his site fromviewing those pages. If any damage occurs by the use of information presented there, only the author of the respective pages might be liable, not the one who has linked to these pages. Furthermore the author is not liable for any postings or messages published by users of discussion boards, guestbooks or mailinglists provided on his page.<\/p>\n<p>3. Copyright<\/p>\n<p>The author intended not to use any copyrighted material for the publication or, if not possible, to indicate the copyright of the respective object.<br \/>\nThe copyright for any material created by the author is reserved. Any duplication or use of objects such as images, diagrams, sounds or texts in other electronic or printed publications is not permitted without the author's agreement.<\/p>\n<p><strong>Picture credits:<\/strong><br \/>\nPellets - \u00a9 Frank Seifert - Fotolia.com<br \/>\nObst- \u00a9 Sonja Birkelbach - Fotolia.com<br \/>\nStifte - \u00a9 womue - Fotolia.com<br \/>\nSchaf - \u00a9 jodie777 - Fotolia.com<br \/>\nWabe - \u00a9 Pakhnyushchyy - Fotolia.com<br \/>\nBaum - \u00a9 by-studio - Fotolia.com<br \/>\nKosmetik - \u00a9 lily - Fotolia.com<br \/>\nWolle - \u00a9 anoli - Fotolia.com<\/p>\n<p><strong>Internet agency:<\/strong><br \/>\nTako Deppe - <a href=\"http:\/\/www.homepage-bremen.de\" target=\"_blank\" rel=\"noopener\">Webdesign Bremen<\/a><\/p>\n","protected":false},"excerpt":{"rendered":"<p>Imprint Labor f\u00fcr R\u00fcckstandsanalytik Bremen GmbH Anne-Conway-Str. 9 D-28359 Bremen Phone: +49 421 949542-4\/5 Fax: +49 421 949542-3 Email: service@lr-bremen.de Registry Court Bremen Register number: HRB 12393 VAT ID:\u00a0DE114420650 Disclaimer: 1. Content The author reserves the right not to be responsible for the topicality, correctness, completeness or quality of the information provided. Liability claims regarding [&hellip;]<\/p>\n","protected":false},"author":1,"featured_media":0,"parent":186,"menu_order":31,"comment_status":"closed","ping_status":"closed","template":"","meta":{"_acf_changed":false,"footnotes":""},"class_list":["post-185","page","type-page","status-publish","hentry"],"acf":[],"yoast_head":"<!-- This site is optimized with the Yoast SEO plugin v25.1 - https:\/\/yoast.com\/wordpress\/plugins\/seo\/ -->\n<title>Imprint - Labor f\u00fcr R\u00fcckstandsanalytik Bremen GmbH<\/title>\n<meta name=\"description\" content=\"Imprint, Labor f\u00fcr R\u00fcckstandsanalytik Bremen GmbH, Anne-Conway-Stra\u00dfe 9, 28359 Bremen, Gesch\u00e4ftsf\u00fchrer: Dr. Mehmet Cetinkaya, Stellvertreter: Dr. Dennis Leupold\" \/>\n<meta name=\"robots\" content=\"index, follow, max-snippet:-1, max-image-preview:large, max-video-preview:-1\" \/>\n<link rel=\"canonical\" href=\"https:\/\/www.lr-bremen.de\/en\/contact\/imprint\/\" \/>\n<meta property=\"og:locale\" content=\"en_US\" \/>\n<meta property=\"og:type\" content=\"article\" \/>\n<meta property=\"og:title\" content=\"Imprint - Labor f\u00fcr R\u00fcckstandsanalytik Bremen GmbH\" \/>\n<meta property=\"og:description\" content=\"Imprint, Labor f\u00fcr R\u00fcckstandsanalytik Bremen GmbH, Anne-Conway-Stra\u00dfe 9, 28359 Bremen, Gesch\u00e4ftsf\u00fchrer: Dr. Mehmet Cetinkaya, Stellvertreter: Dr. Dennis Leupold\" \/>\n<meta property=\"og:url\" content=\"https:\/\/www.lr-bremen.de\/en\/contact\/imprint\/\" \/>\n<meta property=\"og:site_name\" content=\"Labor f\u00fcr R\u00fcckstandsanalytik Bremen GmbH\" \/>\n<meta property=\"article:modified_time\" content=\"2023-01-19T12:13:56+00:00\" \/>\n<meta name=\"twitter:card\" content=\"summary_large_image\" \/>\n<meta name=\"twitter:label1\" content=\"Est. reading time\" \/>\n\t<meta name=\"twitter:data1\" content=\"2 minutes\" \/>\n<script type=\"application\/ld+json\" class=\"yoast-schema-graph\">{\"@context\":\"https:\/\/schema.org\",\"@graph\":[{\"@type\":\"WebPage\",\"@id\":\"https:\/\/www.lr-bremen.de\/en\/contact\/imprint\/\",\"url\":\"https:\/\/www.lr-bremen.de\/en\/contact\/imprint\/\",\"name\":\"Imprint - Labor f\u00fcr R\u00fcckstandsanalytik Bremen GmbH\",\"isPartOf\":{\"@id\":\"https:\/\/www.lr-bremen.de\/en\/#website\"},\"datePublished\":\"2017-02-17T09:12:43+00:00\",\"dateModified\":\"2023-01-19T12:13:56+00:00\",\"description\":\"Imprint, Labor f\u00fcr R\u00fcckstandsanalytik Bremen GmbH, Anne-Conway-Stra\u00dfe 9, 28359 Bremen, Gesch\u00e4ftsf\u00fchrer: Dr. Mehmet Cetinkaya, Stellvertreter: Dr. Dennis Leupold\",\"breadcrumb\":{\"@id\":\"https:\/\/www.lr-bremen.de\/en\/contact\/imprint\/#breadcrumb\"},\"inLanguage\":\"en-US\",\"potentialAction\":[{\"@type\":\"ReadAction\",\"target\":[\"https:\/\/www.lr-bremen.de\/en\/contact\/imprint\/\"]}]},{\"@type\":\"BreadcrumbList\",\"@id\":\"https:\/\/www.lr-bremen.de\/en\/contact\/imprint\/#breadcrumb\",\"itemListElement\":[{\"@type\":\"ListItem\",\"position\":1,\"name\":\"Startseite\",\"item\":\"https:\/\/www.lr-bremen.de\/en\/\"},{\"@type\":\"ListItem\",\"position\":2,\"name\":\"Contact\",\"item\":\"https:\/\/www.lr-bremen.de\/en\/contact\/\"},{\"@type\":\"ListItem\",\"position\":3,\"name\":\"Imprint\"}]},{\"@type\":\"WebSite\",\"@id\":\"https:\/\/www.lr-bremen.de\/en\/#website\",\"url\":\"https:\/\/www.lr-bremen.de\/en\/\",\"name\":\"Labor f\u00fcr R\u00fcckstandsanalytik Bremen GmbH\",\"description\":\"\",\"potentialAction\":[{\"@type\":\"SearchAction\",\"target\":{\"@type\":\"EntryPoint\",\"urlTemplate\":\"https:\/\/www.lr-bremen.de\/en\/?s={search_term_string}\"},\"query-input\":{\"@type\":\"PropertyValueSpecification\",\"valueRequired\":true,\"valueName\":\"search_term_string\"}}],\"inLanguage\":\"en-US\"}]}<\/script>\n<!-- \/ Yoast SEO plugin. -->","yoast_head_json":{"title":"Imprint - Labor f\u00fcr R\u00fcckstandsanalytik Bremen GmbH","description":"Imprint, Labor f\u00fcr R\u00fcckstandsanalytik Bremen GmbH, Anne-Conway-Stra\u00dfe 9, 28359 Bremen, Gesch\u00e4ftsf\u00fchrer: Dr. Mehmet Cetinkaya, Stellvertreter: Dr. Dennis Leupold","robots":{"index":"index","follow":"follow","max-snippet":"max-snippet:-1","max-image-preview":"max-image-preview:large","max-video-preview":"max-video-preview:-1"},"canonical":"https:\/\/www.lr-bremen.de\/en\/contact\/imprint\/","og_locale":"en_US","og_type":"article","og_title":"Imprint - Labor f\u00fcr R\u00fcckstandsanalytik Bremen GmbH","og_description":"Imprint, Labor f\u00fcr R\u00fcckstandsanalytik Bremen GmbH, Anne-Conway-Stra\u00dfe 9, 28359 Bremen, Gesch\u00e4ftsf\u00fchrer: Dr. Mehmet Cetinkaya, Stellvertreter: Dr. Dennis Leupold","og_url":"https:\/\/www.lr-bremen.de\/en\/contact\/imprint\/","og_site_name":"Labor f\u00fcr R\u00fcckstandsanalytik Bremen GmbH","article_modified_time":"2023-01-19T12:13:56+00:00","twitter_card":"summary_large_image","twitter_misc":{"Est. reading time":"2 minutes"},"schema":{"@context":"https:\/\/schema.org","@graph":[{"@type":"WebPage","@id":"https:\/\/www.lr-bremen.de\/en\/contact\/imprint\/","url":"https:\/\/www.lr-bremen.de\/en\/contact\/imprint\/","name":"Imprint - Labor f\u00fcr R\u00fcckstandsanalytik Bremen GmbH","isPartOf":{"@id":"https:\/\/www.lr-bremen.de\/en\/#website"},"datePublished":"2017-02-17T09:12:43+00:00","dateModified":"2023-01-19T12:13:56+00:00","description":"Imprint, Labor f\u00fcr R\u00fcckstandsanalytik Bremen GmbH, Anne-Conway-Stra\u00dfe 9, 28359 Bremen, Gesch\u00e4ftsf\u00fchrer: Dr. Mehmet Cetinkaya, Stellvertreter: Dr. Dennis Leupold","breadcrumb":{"@id":"https:\/\/www.lr-bremen.de\/en\/contact\/imprint\/#breadcrumb"},"inLanguage":"en-US","potentialAction":[{"@type":"ReadAction","target":["https:\/\/www.lr-bremen.de\/en\/contact\/imprint\/"]}]},{"@type":"BreadcrumbList","@id":"https:\/\/www.lr-bremen.de\/en\/contact\/imprint\/#breadcrumb","itemListElement":[{"@type":"ListItem","position":1,"name":"Startseite","item":"https:\/\/www.lr-bremen.de\/en\/"},{"@type":"ListItem","position":2,"name":"Contact","item":"https:\/\/www.lr-bremen.de\/en\/contact\/"},{"@type":"ListItem","position":3,"name":"Imprint"}]},{"@type":"WebSite","@id":"https:\/\/www.lr-bremen.de\/en\/#website","url":"https:\/\/www.lr-bremen.de\/en\/","name":"Labor f\u00fcr R\u00fcckstandsanalytik Bremen GmbH","description":"","potentialAction":[{"@type":"SearchAction","target":{"@type":"EntryPoint","urlTemplate":"https:\/\/www.lr-bremen.de\/en\/?s={search_term_string}"},"query-input":{"@type":"PropertyValueSpecification","valueRequired":true,"valueName":"search_term_string"}}],"inLanguage":"en-US"}]}},"_links":{"self":[{"href":"https:\/\/www.lr-bremen.de\/en\/wp-json\/wp\/v2\/pages\/185","targetHints":{"allow":["GET"]}}],"collection":[{"href":"https:\/\/www.lr-bremen.de\/en\/wp-json\/wp\/v2\/pages"}],"about":[{"href":"https:\/\/www.lr-bremen.de\/en\/wp-json\/wp\/v2\/types\/page"}],"author":[{"embeddable":true,"href":"https:\/\/www.lr-bremen.de\/en\/wp-json\/wp\/v2\/users\/1"}],"replies":[{"embeddable":true,"href":"https:\/\/www.lr-bremen.de\/en\/wp-json\/wp\/v2\/comments?post=185"}],"version-history":[{"count":0,"href":"https:\/\/www.lr-bremen.de\/en\/wp-json\/wp\/v2\/pages\/185\/revisions"}],"up":[{"embeddable":true,"href":"https:\/\/www.lr-bremen.de\/en\/wp-json\/wp\/v2\/pages\/186"}],"wp:attachment":[{"href":"https:\/\/www.lr-bremen.de\/en\/wp-json\/wp\/v2\/media?parent=185"}],"curies":[{"name":"wp","href":"https:\/\/api.w.org\/{rel}","templated":true}]}}