{"id":183,"date":"2023-01-18T14:37:19","date_gmt":"2023-01-18T13:37:19","guid":{"rendered":"http:\/\/neueseiten.lr-bremen.de\/ueber-uns\/"},"modified":"2023-01-19T13:00:53","modified_gmt":"2023-01-19T12:00:53","slug":"about-us","status":"publish","type":"page","link":"https:\/\/www.lr-bremen.de\/en\/about-us\/","title":{"rendered":"About us"},"content":{"rendered":"<h1>About us<\/h1>\n<p>Labor f\u00fcr R\u00fcckstandsanalytik GmbH Bremen was founded by Dipl.-Chem. Dr. Mehmet Cetinkaya in 1989. At this time he already had several years of experience in residue analytics.<br \/>\nSince then we perform analyses for our customers, research and development of new analysis methods.<br \/>\nOur laboratory is accredited by the DAkkS according to DIN EN ISO\/IEC 17025.<br \/>\nThe accreditation is valid only for the scope of accreditation listed in the <a href=\"https:\/\/www.lr-bremen.de\/wp-content\/uploads\/D-PL-19805-01-00.pdf\">certificate annex<\/a> D-PL-19805-01-00.<\/p>\n<p><img loading=\"lazy\" decoding=\"async\" class=\"alignnone wp-image-162 size-full\" src=\"https:\/\/www.lr-bremen.de\/wp-content\/uploads\/doppelbild-analytik.jpg\" alt=\"analytics, pesticides\" width=\"522\" height=\"171\" srcset=\"https:\/\/www.lr-bremen.de\/wp-content\/uploads\/doppelbild-analytik.jpg 522w, https:\/\/www.lr-bremen.de\/wp-content\/uploads\/doppelbild-analytik-300x98.jpg 300w\" sizes=\"auto, (max-width: 522px) 100vw, 522px\" \/><\/p>\n<p><strong><span style=\"line-height: 20.7999992370605px;\">From the beginning till now our core parameters are:<\/span><\/strong><\/p>\n<ul>\n<li>Pesticides<\/li>\n<li>Polycyclic aromatic hydrocarbons<\/li>\n<li>Polychlorinated biphenyles<\/li>\n<li>Wood preservatives<\/li>\n<li>Phthalates<\/li>\n<li>Preservatives<\/li>\n<li>Vetenary drugs<\/li>\n<li>Detergent residues<\/li>\n<li>Heavy metals and other elements<\/li>\n<li>Flame retardants<\/li>\n<li>Acrylamide<\/li>\n<\/ul>\n<p><strong>Our laboratory is equipped with modern analyzers like:<\/strong><\/p>\n<ul>\n<li>Gas chromatographs (GC\/ECD, GC\/NPFID)<\/li>\n<li>Gas chromatographic mass spectrometer (GC\/MSD)<\/li>\n<li>High performance liquid chromatographs (HPLC-DAD, HPLC-FLD)<\/li>\n<li>High performance liquid chromatograph-tandem mass spectrometer (HPLC-MS\/MS)<\/li>\n<li>Inductively coupled plasma-optical emission spectrometer (ICP-OES)<\/li>\n<\/ul>\n<p><img loading=\"lazy\" decoding=\"async\" class=\"alignnone size-full wp-image-163\" src=\"https:\/\/www.lr-bremen.de\/wp-content\/uploads\/ICP_OES.jpg\" alt=\"\" width=\"522\" height=\"171\" srcset=\"https:\/\/www.lr-bremen.de\/wp-content\/uploads\/ICP_OES.jpg 522w, https:\/\/www.lr-bremen.de\/wp-content\/uploads\/ICP_OES-300x98.jpg 300w\" sizes=\"auto, (max-width: 522px) 100vw, 522px\" \/><\/p>\n<p>The matrices vary, the focusses are on lanolin, cosmetics and cosmetic raw materials, textiles and textile raw materials, food, consumer goods, toys and wax wares.<\/p>\n<p><img loading=\"lazy\" decoding=\"async\" class=\"alignnone wp-image-164 size-full\" src=\"https:\/\/www.lr-bremen.de\/wp-content\/uploads\/GCMSMS.jpg\" alt=\"GC-MS\/MS Thermo TSQ 8000 Evo Triple Quad Pesticides Phthalates\" width=\"522\" height=\"171\" srcset=\"https:\/\/www.lr-bremen.de\/wp-content\/uploads\/GCMSMS.jpg 522w, https:\/\/www.lr-bremen.de\/wp-content\/uploads\/GCMSMS-300x98.jpg 300w\" sizes=\"auto, (max-width: 522px) 100vw, 522px\" \/><\/p>\n<p>On the following sites you will find further information about our service portfolio and our publications.<\/p>\n<p><em>For further questions please do not hesitate to contact us.<\/em><\/p>\n<p>&nbsp;<\/p>\n","protected":false},"excerpt":{"rendered":"<p>About us Labor f\u00fcr R\u00fcckstandsanalytik GmbH Bremen was founded by Dipl.-Chem. Dr. Mehmet Cetinkaya in 1989. At this time he already had several years of experience in residue analytics. Since then we perform analyses for our customers, research and development of new analysis methods. Our laboratory is accredited by the DAkkS according to DIN EN [&hellip;]<\/p>\n","protected":false},"author":1,"featured_media":0,"parent":0,"menu_order":3,"comment_status":"closed","ping_status":"closed","template":"","meta":{"_acf_changed":false,"footnotes":""},"class_list":["post-183","page","type-page","status-publish","hentry"],"acf":[],"yoast_head":"<!-- This site is optimized with the Yoast SEO plugin v25.1 - https:\/\/yoast.com\/wordpress\/plugins\/seo\/ -->\n<title>About us - Labor f\u00fcr R\u00fcckstandsanalytik Bremen GmbH<\/title>\n<meta name=\"description\" content=\"Labor f\u00fcr R\u00fcckstandsanalytik GmbH Bremen was founded by Dipl.-Chem. Dr. Mehmet Cetinkaya in 1989. Since then we perform analyses for our customers.\" \/>\n<meta name=\"robots\" content=\"index, follow, max-snippet:-1, max-image-preview:large, max-video-preview:-1\" \/>\n<link rel=\"canonical\" href=\"https:\/\/www.lr-bremen.de\/en\/about-us\/\" \/>\n<meta property=\"og:locale\" content=\"en_US\" \/>\n<meta property=\"og:type\" content=\"article\" \/>\n<meta property=\"og:title\" content=\"About us - Labor f\u00fcr R\u00fcckstandsanalytik Bremen GmbH\" \/>\n<meta property=\"og:description\" content=\"Labor f\u00fcr R\u00fcckstandsanalytik GmbH Bremen was founded by Dipl.-Chem. Dr. Mehmet Cetinkaya in 1989. Since then we perform analyses for our customers.\" \/>\n<meta property=\"og:url\" content=\"https:\/\/www.lr-bremen.de\/en\/about-us\/\" \/>\n<meta property=\"og:site_name\" content=\"Labor f\u00fcr R\u00fcckstandsanalytik Bremen GmbH\" \/>\n<meta property=\"article:modified_time\" content=\"2023-01-19T12:00:53+00:00\" \/>\n<meta property=\"og:image\" content=\"https:\/\/www.lr-bremen.de\/wp-content\/uploads\/doppelbild-analytik.jpg\" \/>\n<meta name=\"twitter:card\" content=\"summary_large_image\" \/>\n<meta name=\"twitter:label1\" content=\"Est. reading time\" \/>\n\t<meta name=\"twitter:data1\" content=\"2 minutes\" \/>\n<script type=\"application\/ld+json\" class=\"yoast-schema-graph\">{\"@context\":\"https:\/\/schema.org\",\"@graph\":[{\"@type\":\"WebPage\",\"@id\":\"https:\/\/www.lr-bremen.de\/en\/about-us\/\",\"url\":\"https:\/\/www.lr-bremen.de\/en\/about-us\/\",\"name\":\"About us - Labor f\u00fcr R\u00fcckstandsanalytik Bremen GmbH\",\"isPartOf\":{\"@id\":\"https:\/\/www.lr-bremen.de\/en\/#website\"},\"primaryImageOfPage\":{\"@id\":\"https:\/\/www.lr-bremen.de\/en\/about-us\/#primaryimage\"},\"image\":{\"@id\":\"https:\/\/www.lr-bremen.de\/en\/about-us\/#primaryimage\"},\"thumbnailUrl\":\"https:\/\/www.lr-bremen.de\/wp-content\/uploads\/doppelbild-analytik.jpg\",\"datePublished\":\"2023-01-18T13:37:19+00:00\",\"dateModified\":\"2023-01-19T12:00:53+00:00\",\"description\":\"Labor f\u00fcr R\u00fcckstandsanalytik GmbH Bremen was founded by Dipl.-Chem. Dr. Mehmet Cetinkaya in 1989. Since then we perform analyses for our customers.\",\"breadcrumb\":{\"@id\":\"https:\/\/www.lr-bremen.de\/en\/about-us\/#breadcrumb\"},\"inLanguage\":\"en-US\",\"potentialAction\":[{\"@type\":\"ReadAction\",\"target\":[\"https:\/\/www.lr-bremen.de\/en\/about-us\/\"]}]},{\"@type\":\"ImageObject\",\"inLanguage\":\"en-US\",\"@id\":\"https:\/\/www.lr-bremen.de\/en\/about-us\/#primaryimage\",\"url\":\"https:\/\/www.lr-bremen.de\/wp-content\/uploads\/doppelbild-analytik.jpg\",\"contentUrl\":\"https:\/\/www.lr-bremen.de\/wp-content\/uploads\/doppelbild-analytik.jpg\"},{\"@type\":\"BreadcrumbList\",\"@id\":\"https:\/\/www.lr-bremen.de\/en\/about-us\/#breadcrumb\",\"itemListElement\":[{\"@type\":\"ListItem\",\"position\":1,\"name\":\"Startseite\",\"item\":\"https:\/\/www.lr-bremen.de\/en\/\"},{\"@type\":\"ListItem\",\"position\":2,\"name\":\"About us\"}]},{\"@type\":\"WebSite\",\"@id\":\"https:\/\/www.lr-bremen.de\/en\/#website\",\"url\":\"https:\/\/www.lr-bremen.de\/en\/\",\"name\":\"Labor f\u00fcr R\u00fcckstandsanalytik Bremen GmbH\",\"description\":\"\",\"potentialAction\":[{\"@type\":\"SearchAction\",\"target\":{\"@type\":\"EntryPoint\",\"urlTemplate\":\"https:\/\/www.lr-bremen.de\/en\/?s={search_term_string}\"},\"query-input\":{\"@type\":\"PropertyValueSpecification\",\"valueRequired\":true,\"valueName\":\"search_term_string\"}}],\"inLanguage\":\"en-US\"}]}<\/script>\n<!-- \/ Yoast SEO plugin. -->","yoast_head_json":{"title":"About us - Labor f\u00fcr R\u00fcckstandsanalytik Bremen GmbH","description":"Labor f\u00fcr R\u00fcckstandsanalytik GmbH Bremen was founded by Dipl.-Chem. Dr. Mehmet Cetinkaya in 1989. Since then we perform analyses for our customers.","robots":{"index":"index","follow":"follow","max-snippet":"max-snippet:-1","max-image-preview":"max-image-preview:large","max-video-preview":"max-video-preview:-1"},"canonical":"https:\/\/www.lr-bremen.de\/en\/about-us\/","og_locale":"en_US","og_type":"article","og_title":"About us - Labor f\u00fcr R\u00fcckstandsanalytik Bremen GmbH","og_description":"Labor f\u00fcr R\u00fcckstandsanalytik GmbH Bremen was founded by Dipl.-Chem. Dr. Mehmet Cetinkaya in 1989. Since then we perform analyses for our customers.","og_url":"https:\/\/www.lr-bremen.de\/en\/about-us\/","og_site_name":"Labor f\u00fcr R\u00fcckstandsanalytik Bremen GmbH","article_modified_time":"2023-01-19T12:00:53+00:00","og_image":[{"url":"https:\/\/www.lr-bremen.de\/wp-content\/uploads\/doppelbild-analytik.jpg","type":"","width":"","height":""}],"twitter_card":"summary_large_image","twitter_misc":{"Est. reading time":"2 minutes"},"schema":{"@context":"https:\/\/schema.org","@graph":[{"@type":"WebPage","@id":"https:\/\/www.lr-bremen.de\/en\/about-us\/","url":"https:\/\/www.lr-bremen.de\/en\/about-us\/","name":"About us - Labor f\u00fcr R\u00fcckstandsanalytik Bremen GmbH","isPartOf":{"@id":"https:\/\/www.lr-bremen.de\/en\/#website"},"primaryImageOfPage":{"@id":"https:\/\/www.lr-bremen.de\/en\/about-us\/#primaryimage"},"image":{"@id":"https:\/\/www.lr-bremen.de\/en\/about-us\/#primaryimage"},"thumbnailUrl":"https:\/\/www.lr-bremen.de\/wp-content\/uploads\/doppelbild-analytik.jpg","datePublished":"2023-01-18T13:37:19+00:00","dateModified":"2023-01-19T12:00:53+00:00","description":"Labor f\u00fcr R\u00fcckstandsanalytik GmbH Bremen was founded by Dipl.-Chem. Dr. Mehmet Cetinkaya in 1989. Since then we perform analyses for our customers.","breadcrumb":{"@id":"https:\/\/www.lr-bremen.de\/en\/about-us\/#breadcrumb"},"inLanguage":"en-US","potentialAction":[{"@type":"ReadAction","target":["https:\/\/www.lr-bremen.de\/en\/about-us\/"]}]},{"@type":"ImageObject","inLanguage":"en-US","@id":"https:\/\/www.lr-bremen.de\/en\/about-us\/#primaryimage","url":"https:\/\/www.lr-bremen.de\/wp-content\/uploads\/doppelbild-analytik.jpg","contentUrl":"https:\/\/www.lr-bremen.de\/wp-content\/uploads\/doppelbild-analytik.jpg"},{"@type":"BreadcrumbList","@id":"https:\/\/www.lr-bremen.de\/en\/about-us\/#breadcrumb","itemListElement":[{"@type":"ListItem","position":1,"name":"Startseite","item":"https:\/\/www.lr-bremen.de\/en\/"},{"@type":"ListItem","position":2,"name":"About us"}]},{"@type":"WebSite","@id":"https:\/\/www.lr-bremen.de\/en\/#website","url":"https:\/\/www.lr-bremen.de\/en\/","name":"Labor f\u00fcr R\u00fcckstandsanalytik Bremen GmbH","description":"","potentialAction":[{"@type":"SearchAction","target":{"@type":"EntryPoint","urlTemplate":"https:\/\/www.lr-bremen.de\/en\/?s={search_term_string}"},"query-input":{"@type":"PropertyValueSpecification","valueRequired":true,"valueName":"search_term_string"}}],"inLanguage":"en-US"}]}},"_links":{"self":[{"href":"https:\/\/www.lr-bremen.de\/en\/wp-json\/wp\/v2\/pages\/183","targetHints":{"allow":["GET"]}}],"collection":[{"href":"https:\/\/www.lr-bremen.de\/en\/wp-json\/wp\/v2\/pages"}],"about":[{"href":"https:\/\/www.lr-bremen.de\/en\/wp-json\/wp\/v2\/types\/page"}],"author":[{"embeddable":true,"href":"https:\/\/www.lr-bremen.de\/en\/wp-json\/wp\/v2\/users\/1"}],"replies":[{"embeddable":true,"href":"https:\/\/www.lr-bremen.de\/en\/wp-json\/wp\/v2\/comments?post=183"}],"version-history":[{"count":0,"href":"https:\/\/www.lr-bremen.de\/en\/wp-json\/wp\/v2\/pages\/183\/revisions"}],"wp:attachment":[{"href":"https:\/\/www.lr-bremen.de\/en\/wp-json\/wp\/v2\/media?parent=183"}],"curies":[{"name":"wp","href":"https:\/\/api.w.org\/{rel}","templated":true}]}}